{"id":2137,"date":"2025-08-04T23:06:02","date_gmt":"2025-08-04T23:06:02","guid":{"rendered":"https:\/\/www.autovvv.ca\/reviews\/"},"modified":"2026-03-25T14:52:55","modified_gmt":"2026-03-25T14:52:55","slug":"reviews","status":"publish","type":"page","link":"https:\/\/www.autovvv.ca\/en\/reviews\/","title":{"rendered":"Our customer reviews | Auto Triple V"},"content":{"rendered":"\t\t<div data-elementor-type=\"wp-page\" data-elementor-id=\"2137\" class=\"elementor elementor-2137 elementor-2010\" data-elementor-post-type=\"page\">\n\t\t\t\t<div class=\"elementor-element elementor-element-0536d3e e-flex e-con-boxed e-con e-parent\" data-id=\"0536d3e\" data-element_type=\"container\" data-e-type=\"container\" data-settings=\"{&quot;background_background&quot;:&quot;classic&quot;}\">\n\t\t\t\t\t<div class=\"e-con-inner\">\n\t\t<div class=\"elementor-element elementor-element-8fd1e39 e-con-full e-flex e-con e-child\" data-id=\"8fd1e39\" data-element_type=\"container\" data-e-type=\"container\">\n\t\t\t\t<div class=\"elementor-element elementor-element-777d912 elementor-headline--style-highlight elementor-widget elementor-widget-animated-headline\" data-id=\"777d912\" data-element_type=\"widget\" data-e-type=\"widget\" data-settings=\"{&quot;highlighted_text&quot;:&quot;REVIEWS&quot;,&quot;headline_style&quot;:&quot;highlight&quot;,&quot;marker&quot;:&quot;circle&quot;,&quot;loop&quot;:&quot;yes&quot;,&quot;highlight_animation_duration&quot;:1200,&quot;highlight_iteration_delay&quot;:8000}\" data-widget_type=\"animated-headline.default\">\n\t\t\t\t<div class=\"elementor-widget-container\">\n\t\t\t\t\t\t\t<h3 class=\"elementor-headline\">\n\t\t\t\t<span class=\"elementor-headline-dynamic-wrapper elementor-headline-text-wrapper\">\n\t\t\t\t\t<span class=\"elementor-headline-dynamic-text elementor-headline-text-active\">REVIEWS<\/span>\n\t\t\t\t<\/span>\n\t\t\t\t\t<span class=\"elementor-headline-plain-text elementor-headline-text-wrapper\">OUR CUSTOMERS<\/span>\n\t\t\t\t\t<\/h3>\n\t\t\t\t\t\t<\/div>\n\t\t\t\t<\/div>\n\t\t\t\t<div class=\"elementor-element elementor-element-e308e71 elementor-widget elementor-widget-text-editor\" data-id=\"e308e71\" data-element_type=\"widget\" data-e-type=\"widget\" data-widget_type=\"text-editor.default\">\n\t\t\t\t<div class=\"elementor-widget-container\">\n\t\t\t\t\t\t\t\t\t<p><b>What our customers say about Auto Triple V.<\/b><\/p><p> <\/p><p><span style=\"font-weight: 400;\">With a perfect 5-star rating on Google and hundreds of satisfied customers, Auto Triple V stands out for its quality service. Our customers highlight quick responses, the expertise of our representatives, and the simplicity of a hassle-free process. Read their testimonials.  <\/span><\/p>\t\t\t\t\t\t\t\t<\/div>\n\t\t\t\t<\/div>\n\t\t\t\t<div class=\"elementor-element elementor-element-a285a3c elementor-widget elementor-widget-shortcode\" data-id=\"a285a3c\" data-element_type=\"widget\" data-e-type=\"widget\" data-widget_type=\"shortcode.default\">\n\t\t\t\t<div class=\"elementor-widget-container\">\n\t\t\t\t\t\t\t<div class=\"elementor-shortcode\"><div class=\"wp-gr rpi wpac\" data-id=\"2020\" data-layout=\"slider\" data-exec=\"false\" data-options='{&quot;text_size&quot;:&quot;&quot;,&quot;trans&quot;:{&quot;read more&quot;:&quot;read more&quot;}}'><svg xmlns=\"http:\/\/www.w3.org\/2000\/svg\" style=\"display:none!important\"><symbol id=\"grw-tripadvisor\" viewBox=\"0 0 713.496 713.496\"><g><circle fill=\"#34E0A1\" cx=\"356.749\" cy=\"356.748\" r=\"356.748\"\/><path d=\"M577.095,287.152l43.049-46.836h-95.465c-47.792-32.646-105.51-51.659-167.931-51.659   c-62.342,0-119.899,19.054-167.612,51.659H93.432l43.049,46.836c-26.387,24.075-42.929,58.754-42.929,97.259   c0,72.665,58.914,131.578,131.579,131.578c34.519,0,65.968-13.313,89.446-35.077l42.172,45.919l42.172-45.879   c23.478,21.764,54.887,35.037,89.406,35.037c72.665,0,131.658-58.913,131.658-131.578   C620.024,345.866,603.483,311.188,577.095,287.152z M225.17,473.458c-49.188,0-89.047-39.859-89.047-89.047   s39.86-89.048,89.047-89.048c49.187,0,89.047,39.86,89.047,89.048S274.357,473.458,225.17,473.458z M356.788,381.82   c0-58.595-42.61-108.898-98.853-130.383c30.413-12.716,63.776-19.771,98.813-19.771s68.439,7.055,98.853,19.771   C399.399,272.962,356.788,323.226,356.788,381.82z M488.367,473.458c-49.188,0-89.048-39.859-89.048-89.047   s39.86-89.048,89.048-89.048s89.047,39.86,89.047,89.048S537.554,473.458,488.367,473.458z M488.367,337.694   c-25.79,0-46.677,20.887-46.677,46.677c0,25.789,20.887,46.676,46.677,46.676c25.789,0,46.676-20.887,46.676-46.676   C535.042,358.621,514.156,337.694,488.367,337.694z M271.846,384.411c0,25.789-20.887,46.676-46.676,46.676   s-46.676-20.887-46.676-46.676c0-25.79,20.887-46.677,46.676-46.677C250.959,337.694,271.846,358.621,271.846,384.411z\"\/><\/g><\/symbol><symbol id=\"grw-google\" viewBox=\"0 0 512 512\"><g fill=\"none\" fill-rule=\"evenodd\"><path d=\"M482.56 261.36c0-16.73-1.5-32.83-4.29-48.27H256v91.29h127.01c-5.47 29.5-22.1 54.49-47.09 71.23v59.21h76.27c44.63-41.09 70.37-101.59 70.37-173.46z\" fill=\"#4285f4\"\/><path d=\"M256 492c63.72 0 117.14-21.13 156.19-57.18l-76.27-59.21c-21.13 14.16-48.17 22.53-79.92 22.53-61.47 0-113.49-41.51-132.05-97.3H45.1v61.15c38.83 77.13 118.64 130.01 210.9 130.01z\" fill=\"#34a853\"\/><path d=\"M123.95 300.84c-4.72-14.16-7.4-29.29-7.4-44.84s2.68-30.68 7.4-44.84V150.01H45.1C29.12 181.87 20 217.92 20 256c0 38.08 9.12 74.13 25.1 105.99l78.85-61.15z\" fill=\"#fbbc05\"\/><path d=\"M256 113.86c34.65 0 65.76 11.91 90.22 35.29l67.69-67.69C373.03 43.39 319.61 20 256 20c-92.25 0-172.07 52.89-210.9 130.01l78.85 61.15c18.56-55.78 70.59-97.3 132.05-97.3z\" fill=\"#ea4335\"\/><path d=\"M20 20h472v472H20V20z\"\/><\/g><\/symbol><\/svg><div class=\"grw-row grw-row-m\" data-options='{\"speed\":3,\"autoplay\":true,\"mousestop\":true,\"breakpoints\":\"\"}'><div class=\"grw-header\"><div class=\"grw-header-inner rpi-flx rpi-row12\"><div class=\"grw-img-wrap\"><img loading=\"lazy\" decoding=\"async\" class=\"grw-img\" src=\"https:\/\/www.autovvv.ca\/wp-content\/plugins\/widget-google-reviews\/assets\/img\/gmblogo.svg\" loading=\"lazy\" alt=\"Auto Triple V place picture\" width=\"50\" height=\"50\" onerror=\"if(this.src!='data:image\/gif;base64,R0lGODlhAQABAIAAAAAAAP\/\/\/yH5BAEAAAAALAAAAAABAAEAAAIBRAA7')this.src='data:image\/gif;base64,R0lGODlhAQABAIAAAAAAAP\/\/\/yH5BAEAAAAALAAAAAABAAEAAAIBRAA7';\" ><\/div><div class=\"rpi-flx rpi-col8\"><div class=\"wp-google-name\"><a href=\"https:\/\/search.google.com\/local\/reviews?placeid=ChIJKbbzjeinyUwR3SPeaA7x5P0\" target=\"_blank\" rel=\"nofollow noopener\">Auto Triple V<\/a><\/div><span class=\"rpi-stars\" style=\"--rating:5.0\">5.0<\/span><div class=\"wp-google-based\">Based on 137 reviews<\/div><div class=\"wp-google-powered\">powered by <span><span style=\"color:#3c6df0!important\">G<\/span><span style=\"color:#d93025!important\">o<\/span><span style=\"color:#fb8e28!important\">o<\/span><span style=\"color:#3c6df0!important\">g<\/span><span style=\"color:#188038!important\">l<\/span><span style=\"color:#d93025!important\">e<\/span><\/span><\/div><div class=\"wp-google-wr\"><a href=\"https:\/\/search.google.com\/local\/writereview?placeid=ChIJKbbzjeinyUwR3SPeaA7x5P0\" target=\"_blank\" rel=\"nofollow noopener\" onclick=\"return rplg_leave_review_window.call(this)\">review us on<svg height=\"16\" width=\"16\" role=\"none\"><use href=\"#grw-google\"><\/use><\/svg><\/a><\/div><\/div><\/div><\/div><div class=\"rpi-slides-root grw-content\"><div class=\"grw-content-inner\"><button class=\"rpi-ltgt rpi-lt grw-prev\" tabindex=\"0\"><\/button><div class=\"rpi-slides grw-reviews rpi-slides-bite\" data-count=\"9\" data-offset=\"9\"><div class=\"rpi-slide grw-review\"><div class=\"rpi-flx rpi-col12 grw-review-inner grw-backgnd\"><div class=\"rpi-flx rpi-row12-center\"><div class=\"grw-img-wrap\"><img loading=\"lazy\" decoding=\"async\" class=\"grw-img\" src=\"https:\/\/www.autovvv.ca\/wp-content\/uploads\/2025\/08\/ChIJKbbzjeinyUwR3SPeaA7x5P0_2789dd006c13986d919837ae985b1138.jpg\" loading=\"lazy\" alt=\"chucktherock1982 profile picture\" width=\"50\" height=\"50\" onerror=\"if(this.src!='https:\/\/www.autovvv.ca\/wp-content\/plugins\/widget-google-reviews\/assets\/img\/guest.png')this.src='https:\/\/www.autovvv.ca\/wp-content\/plugins\/widget-google-reviews\/assets\/img\/guest.png';\" ><\/div><div class=\"rpi-flx rpi-col6\"><a href=\"https:\/\/www.google.com\/maps\/contrib\/116788689375603705247\/reviews\" class=\"wp-google-name\" target=\"_blank\" rel=\"nofollow noopener\">chucktherock1982<\/a><div class=\"wp-google-time\" data-time=\"1746743285\">22:28 08 May 25<\/div><\/div><\/div><span class=\"rpi-stars\" style=\"--rating:5\"><\/span><div class=\"rpi-flx rpi-col4\"><div class=\"wp-google-feedback grw-scroll\" ><span class=\"wp-google-text\">Service cl\u00e9 en main, rapide et courtois. R\u00e9ponses quasi instantan\u00e9es \u00e0 mes questions via textos ou emails de la part de Kristine. En moins de 48h tout \u00e9tait r\u00e9gl\u00e9. Meilleur prix parmi 4 soumissions aupr\u00e8s de compagnies similaires. Je recommande fortement pour vente rapide et sans tracas. Merci \u00e0 toute l'\u00e9quipe!<\/span><\/div><\/div><svg height=\"16\" width=\"16\" role=\"none\"><use href=\"#grw-google\"\/><\/svg><\/div><\/div><div class=\"rpi-slide grw-review\"><div class=\"rpi-flx rpi-col12 grw-review-inner grw-backgnd\"><div class=\"rpi-flx rpi-row12-center\"><div class=\"grw-img-wrap\"><img loading=\"lazy\" decoding=\"async\" class=\"grw-img\" src=\"https:\/\/www.autovvv.ca\/wp-content\/uploads\/2025\/08\/ChIJKbbzjeinyUwR3SPeaA7x5P0_35d723ee3e0d9a6a561dc32ff7c3ba75.jpg\" loading=\"lazy\" alt=\"Stephane Begin profile picture\" width=\"50\" height=\"50\" onerror=\"if(this.src!='https:\/\/www.autovvv.ca\/wp-content\/plugins\/widget-google-reviews\/assets\/img\/guest.png')this.src='https:\/\/www.autovvv.ca\/wp-content\/plugins\/widget-google-reviews\/assets\/img\/guest.png';\" ><\/div><div class=\"rpi-flx rpi-col6\"><a href=\"https:\/\/www.google.com\/maps\/contrib\/112369987850269558269\/reviews\" class=\"wp-google-name\" target=\"_blank\" rel=\"nofollow noopener\">Stephane Begin<\/a><div class=\"wp-google-time\" data-time=\"1746057750\">00:02 01 May 25<\/div><\/div><\/div><span class=\"rpi-stars\" style=\"--rating:5\"><\/span><div class=\"rpi-flx rpi-col4\"><div class=\"wp-google-feedback grw-scroll\" ><span class=\"wp-google-text\">Tr\u00e8s satisfait de la transaction de mon v\u00e9hicule.<br \/>Merci pour excellent service<\/span><\/div><\/div><svg height=\"16\" width=\"16\" role=\"none\"><use href=\"#grw-google\"\/><\/svg><\/div><\/div><div class=\"rpi-slide grw-review\"><div class=\"rpi-flx rpi-col12 grw-review-inner grw-backgnd\"><div class=\"rpi-flx rpi-row12-center\"><div class=\"grw-img-wrap\"><img loading=\"lazy\" decoding=\"async\" class=\"grw-img\" src=\"https:\/\/www.autovvv.ca\/wp-content\/uploads\/2025\/08\/ChIJKbbzjeinyUwR3SPeaA7x5P0_d610e4592c0743a12fb4386d8fcceb51.jpg\" loading=\"lazy\" alt=\"CATHERINE FOISY profile picture\" width=\"50\" height=\"50\" onerror=\"if(this.src!='https:\/\/www.autovvv.ca\/wp-content\/plugins\/widget-google-reviews\/assets\/img\/guest.png')this.src='https:\/\/www.autovvv.ca\/wp-content\/plugins\/widget-google-reviews\/assets\/img\/guest.png';\" ><\/div><div class=\"rpi-flx rpi-col6\"><a href=\"https:\/\/www.google.com\/maps\/contrib\/117687313010725566498\/reviews\" class=\"wp-google-name\" target=\"_blank\" rel=\"nofollow noopener\">CATHERINE FOISY<\/a><div class=\"wp-google-time\" data-time=\"1744152626\">22:50 08 Apr 25<\/div><\/div><\/div><span class=\"rpi-stars\" style=\"--rating:5\"><\/span><div class=\"rpi-flx rpi-col4\"><div class=\"wp-google-feedback grw-scroll\" ><span class=\"wp-google-text\">Super service , rapide et efficace!!<br \/>J\u2019ai re\u00e7u un meilleur prix qu\u2019au concessionnaire.<\/span><\/div><\/div><svg height=\"16\" width=\"16\" role=\"none\"><use href=\"#grw-google\"\/><\/svg><\/div><\/div><div class=\"rpi-slide grw-review\"><div class=\"rpi-flx rpi-col12 grw-review-inner grw-backgnd\"><div class=\"rpi-flx rpi-row12-center\"><div class=\"grw-img-wrap\"><img loading=\"lazy\" decoding=\"async\" class=\"grw-img\" src=\"https:\/\/www.autovvv.ca\/wp-content\/uploads\/2025\/08\/ChIJKbbzjeinyUwR3SPeaA7x5P0_b6b8b9896ed51204fac3a6908936bf5f.jpg\" loading=\"lazy\" alt=\"Justine Paquette profile picture\" width=\"50\" height=\"50\" onerror=\"if(this.src!='https:\/\/www.autovvv.ca\/wp-content\/plugins\/widget-google-reviews\/assets\/img\/guest.png')this.src='https:\/\/www.autovvv.ca\/wp-content\/plugins\/widget-google-reviews\/assets\/img\/guest.png';\" ><\/div><div class=\"rpi-flx rpi-col6\"><a href=\"https:\/\/www.google.com\/maps\/contrib\/101038061533953387760\/reviews\" class=\"wp-google-name\" target=\"_blank\" rel=\"nofollow noopener\">Justine Paquette<\/a><div class=\"wp-google-time\" data-time=\"1740410909\">15:28 24 Feb 25<\/div><\/div><\/div><span class=\"rpi-stars\" style=\"--rating:5\"><\/span><div class=\"rpi-flx rpi-col4\"><div class=\"wp-google-feedback grw-scroll\" ><span class=\"wp-google-text\">Super exp\u00e9rience ! Les retours par courriel sont ultra rapides et l'\u00e9quipes est tr\u00e8s professionnelle.<\/span><\/div><\/div><svg height=\"16\" width=\"16\" role=\"none\"><use href=\"#grw-google\"\/><\/svg><\/div><\/div><div class=\"rpi-slide grw-review\"><div class=\"rpi-flx rpi-col12 grw-review-inner grw-backgnd\"><div class=\"rpi-flx rpi-row12-center\"><div class=\"grw-img-wrap\"><img loading=\"lazy\" decoding=\"async\" class=\"grw-img\" src=\"https:\/\/www.autovvv.ca\/wp-content\/uploads\/2025\/08\/ChIJKbbzjeinyUwR3SPeaA7x5P0_f7f8677d6038802c1c1b6696b6bac962.jpg\" loading=\"lazy\" alt=\"Isabelle Morin profile picture\" width=\"50\" height=\"50\" onerror=\"if(this.src!='https:\/\/www.autovvv.ca\/wp-content\/plugins\/widget-google-reviews\/assets\/img\/guest.png')this.src='https:\/\/www.autovvv.ca\/wp-content\/plugins\/widget-google-reviews\/assets\/img\/guest.png';\" ><\/div><div class=\"rpi-flx rpi-col6\"><a href=\"https:\/\/www.google.com\/maps\/contrib\/109992577726096005926\/reviews\" class=\"wp-google-name\" target=\"_blank\" rel=\"nofollow noopener\">Isabelle Morin<\/a><div class=\"wp-google-time\" data-time=\"1740163659\">18:47 21 Feb 25<\/div><\/div><\/div><span class=\"rpi-stars\" style=\"--rating:5\"><\/span><div class=\"rpi-flx rpi-col4\"><div class=\"wp-google-feedback grw-scroll\" ><span class=\"wp-google-text\">Super exp\u00e9rience avec vous! Tout s'est super bien d\u00e9roul\u00e9, je suis tr\u00e8s satisfaite de la tournure des \u00e9v\u00e9nements. En vous occupant de tout, vous avez rendu le processus simple, et c'est un aspect qui a fait toute la diff\u00e9rence pour moi. Merci!<\/span><\/div><\/div><svg height=\"16\" width=\"16\" role=\"none\"><use href=\"#grw-google\"\/><\/svg><\/div><\/div><div class=\"rpi-slide grw-review\"><div class=\"rpi-flx rpi-col12 grw-review-inner grw-backgnd\"><div class=\"rpi-flx rpi-row12-center\"><div class=\"grw-img-wrap\"><img loading=\"lazy\" decoding=\"async\" class=\"grw-img\" src=\"https:\/\/www.autovvv.ca\/wp-content\/uploads\/2025\/08\/ChIJKbbzjeinyUwR3SPeaA7x5P0_f95cfb623664ee923a38ff97dff50bee.jpg\" loading=\"lazy\" alt=\"ghislain juteau profile picture\" width=\"50\" height=\"50\" onerror=\"if(this.src!='https:\/\/www.autovvv.ca\/wp-content\/plugins\/widget-google-reviews\/assets\/img\/guest.png')this.src='https:\/\/www.autovvv.ca\/wp-content\/plugins\/widget-google-reviews\/assets\/img\/guest.png';\" ><\/div><div class=\"rpi-flx rpi-col6\"><a href=\"https:\/\/www.google.com\/maps\/contrib\/101978872922463608065\/reviews\" class=\"wp-google-name\" target=\"_blank\" rel=\"nofollow noopener\">ghislain juteau<\/a><div class=\"wp-google-time\" data-time=\"1738857478\">15:57 06 Feb 25<\/div><\/div><\/div><span class=\"rpi-stars\" style=\"--rating:5\"><\/span><div class=\"rpi-flx rpi-col4\"><div class=\"wp-google-feedback grw-scroll\" ><span class=\"wp-google-text\">Excellent exp\u00e9rience merci<\/span><\/div><\/div><svg height=\"16\" width=\"16\" role=\"none\"><use href=\"#grw-google\"\/><\/svg><\/div><\/div><div class=\"rpi-slide grw-review\"><div class=\"rpi-flx rpi-col12 grw-review-inner grw-backgnd\"><div class=\"rpi-flx rpi-row12-center\"><div class=\"grw-img-wrap\"><img loading=\"lazy\" decoding=\"async\" class=\"grw-img\" src=\"https:\/\/www.autovvv.ca\/wp-content\/uploads\/2025\/08\/ChIJKbbzjeinyUwR3SPeaA7x5P0_2e49f95ec3f013ef83ac158773582487.jpg\" loading=\"lazy\" alt=\"Benoit Lapointe profile picture\" width=\"50\" height=\"50\" onerror=\"if(this.src!='https:\/\/www.autovvv.ca\/wp-content\/plugins\/widget-google-reviews\/assets\/img\/guest.png')this.src='https:\/\/www.autovvv.ca\/wp-content\/plugins\/widget-google-reviews\/assets\/img\/guest.png';\" ><\/div><div class=\"rpi-flx rpi-col6\"><a href=\"https:\/\/www.google.com\/maps\/contrib\/105936067022788632470\/reviews\" class=\"wp-google-name\" target=\"_blank\" rel=\"nofollow noopener\">Benoit Lapointe<\/a><div class=\"wp-google-time\" data-time=\"1737412754\">22:39 20 Jan 25<\/div><\/div><\/div><span class=\"rpi-stars\" style=\"--rating:5\"><\/span><div class=\"rpi-flx rpi-col4\"><div class=\"wp-google-feedback grw-scroll\" ><span class=\"wp-google-text\">Merci pour la rapidit\u00e9 et l'excellent service. Je n'ai que des bons commentaires sur le professionnalisme et la comp\u00e9tence de vos repr\u00e9sentants qui ont effectu\u00e9 la transaction. Mon seul regret est de ne pas avoir fait appel \u00e0 vos services plus t\u00f4t! Merci \u00e0 toute votre \u00e9quipe.<\/span><\/div><\/div><svg height=\"16\" width=\"16\" role=\"none\"><use href=\"#grw-google\"\/><\/svg><\/div><\/div><div class=\"rpi-slide grw-review\"><div class=\"rpi-flx rpi-col12 grw-review-inner grw-backgnd\"><div class=\"rpi-flx rpi-row12-center\"><div class=\"grw-img-wrap\"><img loading=\"lazy\" decoding=\"async\" class=\"grw-img\" src=\"https:\/\/www.autovvv.ca\/wp-content\/uploads\/2025\/08\/ChIJKbbzjeinyUwR3SPeaA7x5P0_116b1fa131583211ff0b1d181b9dad8a.jpg\" loading=\"lazy\" alt=\"Mathieu Lachance profile picture\" width=\"50\" height=\"50\" onerror=\"if(this.src!='https:\/\/www.autovvv.ca\/wp-content\/plugins\/widget-google-reviews\/assets\/img\/guest.png')this.src='https:\/\/www.autovvv.ca\/wp-content\/plugins\/widget-google-reviews\/assets\/img\/guest.png';\" ><\/div><div class=\"rpi-flx rpi-col6\"><a href=\"https:\/\/www.google.com\/maps\/contrib\/109921082551667671084\/reviews\" class=\"wp-google-name\" target=\"_blank\" rel=\"nofollow noopener\">Mathieu Lachance<\/a><div class=\"wp-google-time\" data-time=\"1736455121\">20:38 09 Jan 25<\/div><\/div><\/div><span class=\"rpi-stars\" style=\"--rating:5\"><\/span><div class=\"rpi-flx rpi-col4\"><div class=\"wp-google-feedback grw-scroll\" ><\/div><\/div><svg height=\"16\" width=\"16\" role=\"none\"><use href=\"#grw-google\"\/><\/svg><\/div><\/div><div class=\"rpi-slide grw-review\"><div class=\"rpi-flx rpi-col12 grw-review-inner grw-backgnd\"><div class=\"rpi-flx rpi-row12-center\"><div class=\"grw-img-wrap\"><img loading=\"lazy\" decoding=\"async\" class=\"grw-img\" src=\"https:\/\/www.autovvv.ca\/wp-content\/uploads\/2025\/08\/ChIJKbbzjeinyUwR3SPeaA7x5P0_1f2ac31cdb9ec34264c71291c6e8f8ae.jpg\" loading=\"lazy\" alt=\"Christian Marecaille profile picture\" width=\"50\" height=\"50\" onerror=\"if(this.src!='https:\/\/www.autovvv.ca\/wp-content\/plugins\/widget-google-reviews\/assets\/img\/guest.png')this.src='https:\/\/www.autovvv.ca\/wp-content\/plugins\/widget-google-reviews\/assets\/img\/guest.png';\" ><\/div><div class=\"rpi-flx rpi-col6\"><a href=\"https:\/\/www.google.com\/maps\/contrib\/109698692051144338900\/reviews\" class=\"wp-google-name\" target=\"_blank\" rel=\"nofollow noopener\">Christian Marecaille<\/a><div class=\"wp-google-time\" data-time=\"1735042856\">12:20 24 Dec 24<\/div><\/div><\/div><span class=\"rpi-stars\" style=\"--rating:5\"><\/span><div class=\"rpi-flx rpi-col4\"><div class=\"wp-google-feedback grw-scroll\" ><span class=\"wp-google-text\">Je confirme mon approbation.<br \/>Bravo et merci<\/span><\/div><\/div><svg height=\"16\" width=\"16\" role=\"none\"><use href=\"#grw-google\"\/><\/svg><\/div><\/div><\/div><button class=\"rpi-ltgt rpi-gt grw-next\" tabindex=\"0\"><\/button><div class=\"rpi-dots-wrap\"><div class=\"rpi-dots\"><\/div><\/div><\/div><\/div><\/div><script>(function(p){if(!p)return;let w=p.offsetWidth,m=function(a,b){return Math.min(a,b)===a};p.querySelector('.grw-row').classList.replace('grw-row-m','grw-row-'+(m(w,510)?'xs':m(w,750)?'x':m(w,1100)?'s':m(w,1450)?'m':m(w,1800)?'l':'xl'))})(document.currentScript?.parentElement)<\/script><\/div><\/div>\n\t\t\t\t\t\t<\/div>\n\t\t\t\t<\/div>\n\t\t\t\t<\/div>\n\t\t\t\t\t<\/div>\n\t\t\t\t<\/div>\n\t\t\t\t<\/div>\n\t\t","protected":false},"excerpt":{"rendered":"<p>REVIEWS OUR CUSTOMERS What our customers say about Auto Triple V. With a perfect 5-star rating on Google and hundreds of satisfied customers, Auto Triple V stands out for its quality service. Our customers highlight quick responses, the expertise of our representatives, and the simplicity of a hassle-free process. Read their testimonials.<\/p>\n","protected":false},"author":3,"featured_media":0,"parent":0,"menu_order":0,"comment_status":"closed","ping_status":"closed","template":"elementor_header_footer","meta":{"_seopress_robots_primary_cat":"","_seopress_titles_title":"","_seopress_titles_desc":"Discover Auto Triple V, an online used vehicle buying service across Quebec. Sell your car quickly, easily, and stress-free! ","_seopress_robots_index":"","footnotes":""},"class_list":["post-2137","page","type-page","status-publish","hentry"],"_links":{"self":[{"href":"https:\/\/www.autovvv.ca\/en\/wp-json\/wp\/v2\/pages\/2137","targetHints":{"allow":["GET"]}}],"collection":[{"href":"https:\/\/www.autovvv.ca\/en\/wp-json\/wp\/v2\/pages"}],"about":[{"href":"https:\/\/www.autovvv.ca\/en\/wp-json\/wp\/v2\/types\/page"}],"author":[{"embeddable":true,"href":"https:\/\/www.autovvv.ca\/en\/wp-json\/wp\/v2\/users\/3"}],"replies":[{"embeddable":true,"href":"https:\/\/www.autovvv.ca\/en\/wp-json\/wp\/v2\/comments?post=2137"}],"version-history":[{"count":5,"href":"https:\/\/www.autovvv.ca\/en\/wp-json\/wp\/v2\/pages\/2137\/revisions"}],"predecessor-version":[{"id":2436,"href":"https:\/\/www.autovvv.ca\/en\/wp-json\/wp\/v2\/pages\/2137\/revisions\/2436"}],"wp:attachment":[{"href":"https:\/\/www.autovvv.ca\/en\/wp-json\/wp\/v2\/media?parent=2137"}],"curies":[{"name":"wp","href":"https:\/\/api.w.org\/{rel}","templated":true}]}}