{"id":2145,"date":"2025-08-04T23:06:28","date_gmt":"2025-08-04T23:06:28","guid":{"rendered":"https:\/\/www.autovvv.ca\/service-area\/"},"modified":"2026-03-25T14:55:14","modified_gmt":"2026-03-25T14:55:14","slug":"service-area","status":"publish","type":"page","link":"https:\/\/www.autovvv.ca\/en\/service-area\/","title":{"rendered":"Service Area | Auto Triple V"},"content":{"rendered":"\t\t<div data-elementor-type=\"wp-page\" data-elementor-id=\"2145\" class=\"elementor elementor-2145 elementor-2012\" data-elementor-post-type=\"page\">\n\t\t\t\t<div class=\"elementor-element elementor-element-0536d3e e-flex e-con-boxed e-con e-parent\" data-id=\"0536d3e\" data-element_type=\"container\" data-e-type=\"container\" data-settings=\"{&quot;background_background&quot;:&quot;classic&quot;}\">\n\t\t\t\t\t<div class=\"e-con-inner\">\n\t\t<div class=\"elementor-element elementor-element-8fd1e39 e-con-full e-flex e-con e-child\" data-id=\"8fd1e39\" data-element_type=\"container\" data-e-type=\"container\">\n\t\t\t\t<div class=\"elementor-element elementor-element-777d912 elementor-headline--style-highlight elementor-widget elementor-widget-animated-headline\" data-id=\"777d912\" data-element_type=\"widget\" data-e-type=\"widget\" data-settings=\"{&quot;highlighted_text&quot;:&quot;SERVED&quot;,&quot;headline_style&quot;:&quot;highlight&quot;,&quot;marker&quot;:&quot;circle&quot;,&quot;loop&quot;:&quot;yes&quot;,&quot;highlight_animation_duration&quot;:1200,&quot;highlight_iteration_delay&quot;:8000}\" data-widget_type=\"animated-headline.default\">\n\t\t\t\t<div class=\"elementor-widget-container\">\n\t\t\t\t\t\t\t<h3 class=\"elementor-headline\">\n\t\t\t\t\t<span class=\"elementor-headline-plain-text elementor-headline-text-wrapper\">SERVICE AREA<\/span>\n\t\t\t\t<span class=\"elementor-headline-dynamic-wrapper elementor-headline-text-wrapper\">\n\t\t\t\t\t<span class=\"elementor-headline-dynamic-text elementor-headline-text-active\">SERVED<\/span>\n\t\t\t\t<\/span>\n\t\t\t\t<\/h3>\n\t\t\t\t\t\t<\/div>\n\t\t\t\t<\/div>\n\t\t\t\t<div class=\"elementor-element elementor-element-058a6db elementor-widget elementor-widget-text-editor\" data-id=\"058a6db\" data-element_type=\"widget\" data-e-type=\"widget\" data-widget_type=\"text-editor.default\">\n\t\t\t\t<div class=\"elementor-widget-container\">\n\t\t\t\t\t\t\t\t\t<p><b>A car buying service available throughout Quebec.<\/b><\/p>\n<p><span style=\"font-weight: 400;\">Auto Triple V buys used vehicles from individuals throughout Quebec. Whether you&#8217;re in the city or a rural area, you can count on our online car buying solution. Throughout Montreal Island and elsewhere in the province of Quebec, our team travels to pick up your car and finalize the transaction seamlessly.  <\/span><\/p>\t\t\t\t\t\t\t\t<\/div>\n\t\t\t\t<\/div>\n\t\t\t\t<div class=\"elementor-element elementor-element-aef9188 e-n-tabs-mobile elementor-widget elementor-widget-n-tabs\" data-id=\"aef9188\" data-element_type=\"widget\" data-e-type=\"widget\" data-settings=\"{&quot;tabs_justify_horizontal_mobile&quot;:&quot;center&quot;,&quot;horizontal_scroll&quot;:&quot;disable&quot;}\" data-widget_type=\"nested-tabs.default\">\n\t\t\t\t<div class=\"elementor-widget-container\">\n\t\t\t\t\t\t\t<div class=\"e-n-tabs\" data-widget-number=\"183472520\" aria-label=\"Tabs. Open items with Enter or Space, close with Escape and navigate using the Arrow keys.\">\n\t\t\t<div class=\"e-n-tabs-heading\" role=\"tablist\">\n\t\t\t\t\t<button id=\"e-n-tab-title-1834725201\" data-tab-title-id=\"e-n-tab-title-1834725201\" class=\"e-n-tab-title\" aria-selected=\"true\" data-tab-index=\"1\" role=\"tab\" tabindex=\"0\" aria-controls=\"e-n-tab-content-1834725201\" style=\"--n-tabs-title-order: 1;\">\n\t\t\t\t\t\t<span class=\"e-n-tab-title-text\">\n\t\t\t\tMontreal\t\t\t<\/span>\n\t\t<\/button>\n\t\t\t\t<button id=\"e-n-tab-title-1834725202\" data-tab-title-id=\"e-n-tab-title-1834725202\" class=\"e-n-tab-title\" aria-selected=\"false\" data-tab-index=\"2\" role=\"tab\" tabindex=\"-1\" aria-controls=\"e-n-tab-content-1834725202\" style=\"--n-tabs-title-order: 2;\">\n\t\t\t\t\t\t<span class=\"e-n-tab-title-text\">\n\t\t\t\tLaval\t\t\t<\/span>\n\t\t<\/button>\n\t\t\t\t<button id=\"e-n-tab-title-1834725203\" data-tab-title-id=\"e-n-tab-title-1834725203\" class=\"e-n-tab-title\" aria-selected=\"false\" data-tab-index=\"3\" role=\"tab\" tabindex=\"-1\" aria-controls=\"e-n-tab-content-1834725203\" style=\"--n-tabs-title-order: 3;\">\n\t\t\t\t\t\t<span class=\"e-n-tab-title-text\">\n\t\t\t\tNorth Shore\t\t\t<\/span>\n\t\t<\/button>\n\t\t\t\t<button id=\"e-n-tab-title-1834725204\" data-tab-title-id=\"e-n-tab-title-1834725204\" class=\"e-n-tab-title\" aria-selected=\"false\" data-tab-index=\"4\" role=\"tab\" tabindex=\"-1\" aria-controls=\"e-n-tab-content-1834725204\" style=\"--n-tabs-title-order: 4;\">\n\t\t\t\t\t\t<span class=\"e-n-tab-title-text\">\n\t\t\t\tSouth Shore\t\t\t<\/span>\n\t\t<\/button>\n\t\t\t\t<button id=\"e-n-tab-title-1834725205\" data-tab-title-id=\"e-n-tab-title-1834725205\" class=\"e-n-tab-title\" aria-selected=\"false\" data-tab-index=\"5\" role=\"tab\" tabindex=\"-1\" aria-controls=\"e-n-tab-content-1834725205\" style=\"--n-tabs-title-order: 5;\">\n\t\t\t\t\t\t<span class=\"e-n-tab-title-text\">\n\t\t\t\tQuebec\t\t\t<\/span>\n\t\t<\/button>\n\t\t\t\t<button id=\"e-n-tab-title-1834725206\" data-tab-title-id=\"e-n-tab-title-1834725206\" class=\"e-n-tab-title\" aria-selected=\"false\" data-tab-index=\"6\" role=\"tab\" tabindex=\"-1\" aria-controls=\"e-n-tab-content-1834725206\" style=\"--n-tabs-title-order: 6;\">\n\t\t\t\t\t\t<span class=\"e-n-tab-title-text\">\n\t\t\t\tDrummondville\t\t\t<\/span>\n\t\t<\/button>\n\t\t\t\t<button id=\"e-n-tab-title-1834725207\" data-tab-title-id=\"e-n-tab-title-1834725207\" class=\"e-n-tab-title\" aria-selected=\"false\" data-tab-index=\"7\" role=\"tab\" tabindex=\"-1\" aria-controls=\"e-n-tab-content-1834725207\" style=\"--n-tabs-title-order: 7;\">\n\t\t\t\t\t\t<span class=\"e-n-tab-title-text\">\n\t\t\t\tMont\u00e9r\u00e9gie\t\t\t<\/span>\n\t\t<\/button>\n\t\t\t\t<button id=\"e-n-tab-title-1834725208\" data-tab-title-id=\"e-n-tab-title-1834725208\" class=\"e-n-tab-title\" aria-selected=\"false\" data-tab-index=\"8\" role=\"tab\" tabindex=\"-1\" aria-controls=\"e-n-tab-content-1834725208\" style=\"--n-tabs-title-order: 8;\">\n\t\t\t\t\t\t<span class=\"e-n-tab-title-text\">\n\t\t\t\tTrois-Rivi\u00e8res\t\t\t<\/span>\n\t\t<\/button>\n\t\t\t\t<button id=\"e-n-tab-title-1834725209\" data-tab-title-id=\"e-n-tab-title-1834725209\" class=\"e-n-tab-title\" aria-selected=\"false\" data-tab-index=\"9\" role=\"tab\" tabindex=\"-1\" aria-controls=\"e-n-tab-content-1834725209\" style=\"--n-tabs-title-order: 9;\">\n\t\t\t\t\t\t<span class=\"e-n-tab-title-text\">\n\t\t\t\tSherbrooke\t\t\t<\/span>\n\t\t<\/button>\n\t\t\t\t<button id=\"e-n-tab-title-18347252010\" data-tab-title-id=\"e-n-tab-title-18347252010\" class=\"e-n-tab-title\" aria-selected=\"false\" data-tab-index=\"10\" role=\"tab\" tabindex=\"-1\" aria-controls=\"e-n-tab-content-18347252010\" style=\"--n-tabs-title-order: 10;\">\n\t\t\t\t\t\t<span class=\"e-n-tab-title-text\">\n\t\t\t\tSaguenay-Lac-St-Jean\t\t\t<\/span>\n\t\t<\/button>\n\t\t\t\t<button id=\"e-n-tab-title-18347252011\" data-tab-title-id=\"e-n-tab-title-18347252011\" class=\"e-n-tab-title\" aria-selected=\"false\" data-tab-index=\"11\" role=\"tab\" tabindex=\"-1\" aria-controls=\"e-n-tab-content-18347252011\" style=\"--n-tabs-title-order: 11;\">\n\t\t\t\t\t\t<span class=\"e-n-tab-title-text\">\n\t\t\t\tGatineau\t\t\t<\/span>\n\t\t<\/button>\n\t\t\t\t<button id=\"e-n-tab-title-18347252012\" data-tab-title-id=\"e-n-tab-title-18347252012\" class=\"e-n-tab-title\" aria-selected=\"false\" data-tab-index=\"12\" role=\"tab\" tabindex=\"-1\" aria-controls=\"e-n-tab-content-18347252012\" style=\"--n-tabs-title-order: 12;\">\n\t\t\t\t\t\t<span class=\"e-n-tab-title-text\">\n\t\t\t\tLaurentides-Lanaudi\u00e8re\t\t\t<\/span>\n\t\t<\/button>\n\t\t\t\t<button id=\"e-n-tab-title-18347252013\" data-tab-title-id=\"e-n-tab-title-18347252013\" class=\"e-n-tab-title\" aria-selected=\"false\" data-tab-index=\"13\" role=\"tab\" tabindex=\"-1\" aria-controls=\"e-n-tab-content-18347252013\" style=\"--n-tabs-title-order: 13;\">\n\t\t\t\t\t\t<span class=\"e-n-tab-title-text\">\n\t\t\t\tAbitibi-Nord-du-Qu\u00e9bec\t\t\t<\/span>\n\t\t<\/button>\n\t\t\t\t<button id=\"e-n-tab-title-18347252014\" data-tab-title-id=\"e-n-tab-title-18347252014\" class=\"e-n-tab-title\" aria-selected=\"false\" data-tab-index=\"14\" role=\"tab\" tabindex=\"-1\" aria-controls=\"e-n-tab-content-18347252014\" style=\"--n-tabs-title-order: 14;\">\n\t\t\t\t\t\t<span class=\"e-n-tab-title-text\">\n\t\t\t\tBas-Saint-Laurent-Gasp\u00e9sie\t\t\t<\/span>\n\t\t<\/button>\n\t\t\t\t<button id=\"e-n-tab-title-18347252015\" data-tab-title-id=\"e-n-tab-title-18347252015\" class=\"e-n-tab-title\" aria-selected=\"false\" data-tab-index=\"15\" role=\"tab\" tabindex=\"-1\" aria-controls=\"e-n-tab-content-18347252015\" style=\"--n-tabs-title-order: 15;\">\n\t\t\t\t\t\t<span class=\"e-n-tab-title-text\">\n\t\t\t\tC\u00f4te-Nord\t\t\t<\/span>\n\t\t<\/button>\n\t\t\t\t\t<\/div>\n\t\t\t<div class=\"e-n-tabs-content\">\n\t\t\t\t<div id=\"e-n-tab-content-1834725201\" role=\"tabpanel\" aria-labelledby=\"e-n-tab-title-1834725201\" data-tab-index=\"1\" style=\"--n-tabs-title-order: 1;\" class=\"e-active elementor-element elementor-element-76c832f e-con-full e-flex e-con e-child\" data-id=\"76c832f\" data-element_type=\"container\" data-e-type=\"container\">\n\t\t<div class=\"elementor-element elementor-element-9e0b164 e-con-full e-flex e-con e-child\" data-id=\"9e0b164\" data-element_type=\"container\" data-e-type=\"container\">\n\t\t\t\t<div class=\"elementor-element elementor-element-2de1662 elementor-widget elementor-widget-text-editor\" data-id=\"2de1662\" data-element_type=\"widget\" data-e-type=\"widget\" data-widget_type=\"text-editor.default\">\n\t\t\t\t<div class=\"elementor-widget-container\">\n\t\t\t\t\t\t\t\t\t<ul><li>Entire Island of Montreal<\/li><\/ul>\t\t\t\t\t\t\t\t<\/div>\n\t\t\t\t<\/div>\n\t\t\t\t<div class=\"elementor-element elementor-element-2167be9 elementor-tablet-align-center elementor-align-center elementor-widget elementor-widget-button\" data-id=\"2167be9\" data-element_type=\"widget\" data-e-type=\"widget\" data-widget_type=\"button.default\">\n\t\t\t\t<div class=\"elementor-widget-container\">\n\t\t\t\t\t\t\t\t\t<div class=\"elementor-button-wrapper\">\n\t\t\t\t\t<a class=\"elementor-button elementor-button-link elementor-size-sm elementor-animation-wobble-horizontal\" href=\"https:\/\/www.autovvv.ca\/en\/sell-used-car-montreal\/\">\n\t\t\t\t\t\t<span class=\"elementor-button-content-wrapper\">\n\t\t\t\t\t\t<span class=\"elementor-button-icon\">\n\t\t\t\t<i aria-hidden=\"true\" class=\" ti-arrow-top-right\"><\/i>\t\t\t<\/span>\n\t\t\t\t\t\t\t\t\t<span class=\"elementor-button-text\">Learn more<\/span>\n\t\t\t\t\t<\/span>\n\t\t\t\t\t<\/a>\n\t\t\t\t<\/div>\n\t\t\t\t\t\t\t\t<\/div>\n\t\t\t\t<\/div>\n\t\t\t\t<\/div>\n\t\t\t\t<\/div>\n\t\t<div id=\"e-n-tab-content-1834725202\" role=\"tabpanel\" aria-labelledby=\"e-n-tab-title-1834725202\" data-tab-index=\"2\" style=\"--n-tabs-title-order: 2;\" class=\" elementor-element elementor-element-3702b1d e-con-full e-flex e-con e-child\" data-id=\"3702b1d\" data-element_type=\"container\" data-e-type=\"container\">\n\t\t<div class=\"elementor-element elementor-element-d5916f7 e-flex e-con-boxed e-con e-child\" data-id=\"d5916f7\" data-element_type=\"container\" data-e-type=\"container\">\n\t\t\t\t\t<div class=\"e-con-inner\">\n\t\t<div class=\"elementor-element elementor-element-9ecf083 e-con-full e-flex e-con e-child\" data-id=\"9ecf083\" data-element_type=\"container\" data-e-type=\"container\">\n\t\t\t\t<div class=\"elementor-element elementor-element-fd4bd8d elementor-widget elementor-widget-text-editor\" data-id=\"fd4bd8d\" data-element_type=\"widget\" data-e-type=\"widget\" data-widget_type=\"text-editor.default\">\n\t\t\t\t<div class=\"elementor-widget-container\">\n\t\t\t\t\t\t\t\t\t<ul><li>Entire Island of Laval<\/li><\/ul>\t\t\t\t\t\t\t\t<\/div>\n\t\t\t\t<\/div>\n\t\t\t\t<div class=\"elementor-element elementor-element-6bdcb16 elementor-tablet-align-center elementor-align-center elementor-widget elementor-widget-button\" data-id=\"6bdcb16\" data-element_type=\"widget\" data-e-type=\"widget\" data-widget_type=\"button.default\">\n\t\t\t\t<div class=\"elementor-widget-container\">\n\t\t\t\t\t\t\t\t\t<div class=\"elementor-button-wrapper\">\n\t\t\t\t\t<a class=\"elementor-button elementor-button-link elementor-size-sm elementor-animation-wobble-horizontal\" href=\"https:\/\/www.autovvv.ca\/en\/sell-your-used-car-in-laval\/\">\n\t\t\t\t\t\t<span class=\"elementor-button-content-wrapper\">\n\t\t\t\t\t\t<span class=\"elementor-button-icon\">\n\t\t\t\t<i aria-hidden=\"true\" class=\" ti-arrow-top-right\"><\/i>\t\t\t<\/span>\n\t\t\t\t\t\t\t\t\t<span class=\"elementor-button-text\">Learn more<\/span>\n\t\t\t\t\t<\/span>\n\t\t\t\t\t<\/a>\n\t\t\t\t<\/div>\n\t\t\t\t\t\t\t\t<\/div>\n\t\t\t\t<\/div>\n\t\t\t\t<\/div>\n\t\t\t\t\t<\/div>\n\t\t\t\t<\/div>\n\t\t\t\t<\/div>\n\t\t<div id=\"e-n-tab-content-1834725203\" role=\"tabpanel\" aria-labelledby=\"e-n-tab-title-1834725203\" data-tab-index=\"3\" style=\"--n-tabs-title-order: 3;\" class=\" elementor-element elementor-element-1e3aa6b e-flex e-con-boxed e-con e-child\" data-id=\"1e3aa6b\" data-element_type=\"container\" data-e-type=\"container\">\n\t\t\t\t\t<div class=\"e-con-inner\">\n\t\t\t\t<div class=\"elementor-element elementor-element-e6c6557 elementor-widget elementor-widget-text-editor\" data-id=\"e6c6557\" data-element_type=\"widget\" data-e-type=\"widget\" data-widget_type=\"text-editor.default\">\n\t\t\t\t<div class=\"elementor-widget-container\">\n\t\t\t\t\t\t\t\t\t<ul><li>Bois-des-Filion<\/li><li>Rosem\u00e8re<\/li><li>Lorraine<\/li><li>Boisbriand<\/li><li>Sainte-Th\u00e9r\u00e8se<\/li><li>Blainville<\/li><li>Mirabel<\/li><li>Mascouche<\/li><li>Terrebonne<\/li><li>Repentigny<\/li><li>Saint-Eustache<\/li><li>Deux-Montagnes<\/li><li>L&#8217;Assomption<\/li><\/ul>\t\t\t\t\t\t\t\t<\/div>\n\t\t\t\t<\/div>\n\t\t\t\t\t<\/div>\n\t\t\t\t<\/div>\n\t\t<div id=\"e-n-tab-content-1834725204\" role=\"tabpanel\" aria-labelledby=\"e-n-tab-title-1834725204\" data-tab-index=\"4\" style=\"--n-tabs-title-order: 4;\" class=\" elementor-element elementor-element-44bdf79 e-flex e-con-boxed e-con e-child\" data-id=\"44bdf79\" data-element_type=\"container\" data-e-type=\"container\">\n\t\t\t\t\t<div class=\"e-con-inner\">\n\t\t<div class=\"elementor-element elementor-element-e7c7751 e-con-full e-flex e-con e-child\" data-id=\"e7c7751\" data-element_type=\"container\" data-e-type=\"container\">\n\t\t\t\t<div class=\"elementor-element elementor-element-2fdff76 elementor-widget elementor-widget-text-editor\" data-id=\"2fdff76\" data-element_type=\"widget\" data-e-type=\"widget\" data-widget_type=\"text-editor.default\">\n\t\t\t\t<div class=\"elementor-widget-container\">\n\t\t\t\t\t\t\t\t\t<ul><li>Longueuil<\/li><li>Brossard<\/li><li>Boucherville<\/li><li>Saint-Lambert<\/li><li>Saint-Hubert<\/li><li>La Prairie<\/li><li>Candiac<\/li><li>Saint-Bruno-de-Montarville<\/li><li>Chambly<\/li><li>Carignan<\/li><li>Saint-Jean-sur-Richelieu<\/li><\/ul>\t\t\t\t\t\t\t\t<\/div>\n\t\t\t\t<\/div>\n\t\t\t\t<\/div>\n\t\t\t\t\t<\/div>\n\t\t\t\t<\/div>\n\t\t<div id=\"e-n-tab-content-1834725205\" role=\"tabpanel\" aria-labelledby=\"e-n-tab-title-1834725205\" data-tab-index=\"5\" style=\"--n-tabs-title-order: 5;\" class=\" elementor-element elementor-element-06e74fc e-con-full e-flex e-con e-child\" data-id=\"06e74fc\" data-element_type=\"container\" data-e-type=\"container\">\n\t\t\t\t<div class=\"elementor-element elementor-element-4401793 elementor-widget elementor-widget-text-editor\" data-id=\"4401793\" data-element_type=\"widget\" data-e-type=\"widget\" data-widget_type=\"text-editor.default\">\n\t\t\t\t<div class=\"elementor-widget-container\">\n\t\t\t\t\t\t\t\t\t<ul><li>Quebec<\/li><li>Charlevoix<\/li><li>Portneuf<\/li><\/ul>\t\t\t\t\t\t\t\t<\/div>\n\t\t\t\t<\/div>\n\t\t\t\t<\/div>\n\t\t<div id=\"e-n-tab-content-1834725206\" role=\"tabpanel\" aria-labelledby=\"e-n-tab-title-1834725206\" data-tab-index=\"6\" style=\"--n-tabs-title-order: 6;\" class=\" elementor-element elementor-element-01ff69b e-con-full e-flex e-con e-child\" data-id=\"01ff69b\" data-element_type=\"container\" data-e-type=\"container\">\n\t\t\t\t<div class=\"elementor-element elementor-element-4e5ae9d elementor-widget elementor-widget-text-editor\" data-id=\"4e5ae9d\" data-element_type=\"widget\" data-e-type=\"widget\" data-widget_type=\"text-editor.default\">\n\t\t\t\t<div class=\"elementor-widget-container\">\n\t\t\t\t\t\t\t\t\t<ul><li>Drummondville<\/li><li>St-Nic\u00e9phore<\/li><\/ul>\t\t\t\t\t\t\t\t<\/div>\n\t\t\t\t<\/div>\n\t\t\t\t<\/div>\n\t\t<div id=\"e-n-tab-content-1834725207\" role=\"tabpanel\" aria-labelledby=\"e-n-tab-title-1834725207\" data-tab-index=\"7\" style=\"--n-tabs-title-order: 7;\" class=\" elementor-element elementor-element-fc2b525 e-con-full e-flex e-con e-child\" data-id=\"fc2b525\" data-element_type=\"container\" data-e-type=\"container\">\n\t\t\t\t<div class=\"elementor-element elementor-element-dbda497 elementor-widget elementor-widget-text-editor\" data-id=\"dbda497\" data-element_type=\"widget\" data-e-type=\"widget\" data-widget_type=\"text-editor.default\">\n\t\t\t\t<div class=\"elementor-widget-container\">\n\t\t\t\t\t\t\t\t\t<ul><li>Mont\u00e9r\u00e9gie-Ouest: Ch\u00e2teauguay, Salaberry-de-Valleyfield, Beauharnois<\/li><li>Mont\u00e9r\u00e9gie-Centre: Saint-Jean-sur-Richelieu, Saint-Hyacinthe, Mont-Saint-Hilaire, Beloeil<\/li><li>Mont\u00e9r\u00e9gie-Est: Sorel-Tracy, Acton Vale, other more remote and rural areas<\/li><\/ul>\t\t\t\t\t\t\t\t<\/div>\n\t\t\t\t<\/div>\n\t\t\t\t<\/div>\n\t\t<div id=\"e-n-tab-content-1834725208\" role=\"tabpanel\" aria-labelledby=\"e-n-tab-title-1834725208\" data-tab-index=\"8\" style=\"--n-tabs-title-order: 8;\" class=\" elementor-element elementor-element-ea55813 e-con-full e-flex e-con e-child\" data-id=\"ea55813\" data-element_type=\"container\" data-e-type=\"container\">\n\t\t\t\t<div class=\"elementor-element elementor-element-c1ab952 elementor-widget elementor-widget-text-editor\" data-id=\"c1ab952\" data-element_type=\"widget\" data-e-type=\"widget\" data-widget_type=\"text-editor.default\">\n\t\t\t\t<div class=\"elementor-widget-container\">\n\t\t\t\t\t\t\t\t\t<ul><li>Shawinigan<\/li><li>La Tuque<\/li><li>Central area between Montreal and Quebec<\/li><\/ul>\t\t\t\t\t\t\t\t<\/div>\n\t\t\t\t<\/div>\n\t\t\t\t<\/div>\n\t\t<div id=\"e-n-tab-content-1834725209\" role=\"tabpanel\" aria-labelledby=\"e-n-tab-title-1834725209\" data-tab-index=\"9\" style=\"--n-tabs-title-order: 9;\" class=\" elementor-element elementor-element-b07a2ff e-con-full e-flex e-con e-child\" data-id=\"b07a2ff\" data-element_type=\"container\" data-e-type=\"container\">\n\t\t\t\t<div class=\"elementor-element elementor-element-f7870aa elementor-widget elementor-widget-text-editor\" data-id=\"f7870aa\" data-element_type=\"widget\" data-e-type=\"widget\" data-widget_type=\"text-editor.default\">\n\t\t\t\t<div class=\"elementor-widget-container\">\n\t\t\t\t\t\t\t\t\t<ul><li>Magog<\/li><li>Windsor<\/li><li>Lac-M\u00e9gantic<\/li><li>Granby<\/li><\/ul>\t\t\t\t\t\t\t\t<\/div>\n\t\t\t\t<\/div>\n\t\t\t\t<\/div>\n\t\t<div id=\"e-n-tab-content-18347252010\" role=\"tabpanel\" aria-labelledby=\"e-n-tab-title-18347252010\" data-tab-index=\"10\" style=\"--n-tabs-title-order: 10;\" class=\" elementor-element elementor-element-121d50b e-con-full e-flex e-con e-child\" data-id=\"121d50b\" data-element_type=\"container\" data-e-type=\"container\">\n\t\t\t\t<div class=\"elementor-element elementor-element-587aa81 elementor-widget elementor-widget-text-editor\" data-id=\"587aa81\" data-element_type=\"widget\" data-e-type=\"widget\" data-widget_type=\"text-editor.default\">\n\t\t\t\t<div class=\"elementor-widget-container\">\n\t\t\t\t\t\t\t\t\t<ul><li>Saguenay<\/li><li>Jonqui\u00e8re<\/li><li>Chicoutimi<\/li><li>Alma<\/li><li>Roberval<\/li><\/ul>\t\t\t\t\t\t\t\t<\/div>\n\t\t\t\t<\/div>\n\t\t\t\t<\/div>\n\t\t<div id=\"e-n-tab-content-18347252011\" role=\"tabpanel\" aria-labelledby=\"e-n-tab-title-18347252011\" data-tab-index=\"11\" style=\"--n-tabs-title-order: 11;\" class=\" elementor-element elementor-element-89e51e3 e-con-full e-flex e-con e-child\" data-id=\"89e51e3\" data-element_type=\"container\" data-e-type=\"container\">\n\t\t\t\t<div class=\"elementor-element elementor-element-9dc66eb elementor-widget elementor-widget-text-editor\" data-id=\"9dc66eb\" data-element_type=\"widget\" data-e-type=\"widget\" data-widget_type=\"text-editor.default\">\n\t\t\t\t<div class=\"elementor-widget-container\">\n\t\t\t\t\t\t\t\t\t<ul><li>Gatineau<\/li><li>Maniwaki<\/li><li>Pontiac<\/li><\/ul>\t\t\t\t\t\t\t\t<\/div>\n\t\t\t\t<\/div>\n\t\t\t\t<\/div>\n\t\t<div id=\"e-n-tab-content-18347252012\" role=\"tabpanel\" aria-labelledby=\"e-n-tab-title-18347252012\" data-tab-index=\"12\" style=\"--n-tabs-title-order: 12;\" class=\" elementor-element elementor-element-f574c11 e-con-full e-flex e-con e-child\" data-id=\"f574c11\" data-element_type=\"container\" data-e-type=\"container\">\n\t\t\t\t<div class=\"elementor-element elementor-element-f5bef0f elementor-widget elementor-widget-text-editor\" data-id=\"f5bef0f\" data-element_type=\"widget\" data-e-type=\"widget\" data-widget_type=\"text-editor.default\">\n\t\t\t\t<div class=\"elementor-widget-container\">\n\t\t\t\t\t\t\t\t\t<ul><li>Saint-Sauveur<\/li><li>Mont-Tremblant<\/li><li>Joliette<\/li><\/ul>\t\t\t\t\t\t\t\t<\/div>\n\t\t\t\t<\/div>\n\t\t\t\t<\/div>\n\t\t<div id=\"e-n-tab-content-18347252013\" role=\"tabpanel\" aria-labelledby=\"e-n-tab-title-18347252013\" data-tab-index=\"13\" style=\"--n-tabs-title-order: 13;\" class=\" elementor-element elementor-element-be30eeb e-con-full e-flex e-con e-child\" data-id=\"be30eeb\" data-element_type=\"container\" data-e-type=\"container\">\n\t\t\t\t<div class=\"elementor-element elementor-element-b84dcdd elementor-widget elementor-widget-text-editor\" data-id=\"b84dcdd\" data-element_type=\"widget\" data-e-type=\"widget\" data-widget_type=\"text-editor.default\">\n\t\t\t\t<div class=\"elementor-widget-container\">\n\t\t\t\t\t\t\t\t\t<ul><li>Rouyn-Noranda<\/li><li>Val-d&#8217;Or<\/li><li>Amos<\/li><li>Chibougamau<\/li><\/ul>\t\t\t\t\t\t\t\t<\/div>\n\t\t\t\t<\/div>\n\t\t\t\t<\/div>\n\t\t<div id=\"e-n-tab-content-18347252014\" role=\"tabpanel\" aria-labelledby=\"e-n-tab-title-18347252014\" data-tab-index=\"14\" style=\"--n-tabs-title-order: 14;\" class=\" elementor-element elementor-element-7f52133 e-con-full e-flex e-con e-child\" data-id=\"7f52133\" data-element_type=\"container\" data-e-type=\"container\">\n\t\t\t\t<div class=\"elementor-element elementor-element-2185d17 elementor-widget elementor-widget-text-editor\" data-id=\"2185d17\" data-element_type=\"widget\" data-e-type=\"widget\" data-widget_type=\"text-editor.default\">\n\t\t\t\t<div class=\"elementor-widget-container\">\n\t\t\t\t\t\t\t\t\t<ul><li>Rimouski<\/li><li>Gasp\u00e9<\/li><li>Matane<\/li><\/ul>\t\t\t\t\t\t\t\t<\/div>\n\t\t\t\t<\/div>\n\t\t\t\t<\/div>\n\t\t<div id=\"e-n-tab-content-18347252015\" role=\"tabpanel\" aria-labelledby=\"e-n-tab-title-18347252015\" data-tab-index=\"15\" style=\"--n-tabs-title-order: 15;\" class=\" elementor-element elementor-element-25faac2 e-con-full e-flex e-con e-child\" data-id=\"25faac2\" data-element_type=\"container\" data-e-type=\"container\">\n\t\t\t\t<div class=\"elementor-element elementor-element-a320f6f elementor-widget elementor-widget-text-editor\" data-id=\"a320f6f\" data-element_type=\"widget\" data-e-type=\"widget\" data-widget_type=\"text-editor.default\">\n\t\t\t\t<div class=\"elementor-widget-container\">\n\t\t\t\t\t\t\t\t\t<ul><li>Tadoussac<\/li><li>Sept-\u00celes<\/li><li>Baie-Comeau<\/li><\/ul>\t\t\t\t\t\t\t\t<\/div>\n\t\t\t\t<\/div>\n\t\t\t\t<\/div>\n\t\t\t\t\t<\/div>\n\t\t<\/div>\n\t\t\t\t\t\t<\/div>\n\t\t\t\t<\/div>\n\t\t\t\t<\/div>\n\t\t\t\t\t<\/div>\n\t\t\t\t<\/div>\n\t\t\t\t<\/div>\n\t\t","protected":false},"excerpt":{"rendered":"<p>SERVICE AREA SERVED A car buying service available throughout Quebec. Auto Triple V buys used vehicles from individuals throughout Quebec. Whether you&#8217;re in the city or a rural area, you can count on our online car buying solution. Throughout Montreal Island and elsewhere in the province of Quebec, our team travels to pick up your [&hellip;]<\/p>\n","protected":false},"author":3,"featured_media":0,"parent":0,"menu_order":0,"comment_status":"closed","ping_status":"closed","template":"elementor_header_footer","meta":{"_seopress_robots_primary_cat":"","_seopress_titles_title":"","_seopress_titles_desc":"Auto Triple V buys used cars throughout Quebec, in urban and rural areas, with fast, turnkey service.","_seopress_robots_index":"","footnotes":""},"class_list":["post-2145","page","type-page","status-publish","hentry"],"_links":{"self":[{"href":"https:\/\/www.autovvv.ca\/en\/wp-json\/wp\/v2\/pages\/2145","targetHints":{"allow":["GET"]}}],"collection":[{"href":"https:\/\/www.autovvv.ca\/en\/wp-json\/wp\/v2\/pages"}],"about":[{"href":"https:\/\/www.autovvv.ca\/en\/wp-json\/wp\/v2\/types\/page"}],"author":[{"embeddable":true,"href":"https:\/\/www.autovvv.ca\/en\/wp-json\/wp\/v2\/users\/3"}],"replies":[{"embeddable":true,"href":"https:\/\/www.autovvv.ca\/en\/wp-json\/wp\/v2\/comments?post=2145"}],"version-history":[{"count":22,"href":"https:\/\/www.autovvv.ca\/en\/wp-json\/wp\/v2\/pages\/2145\/revisions"}],"predecessor-version":[{"id":2464,"href":"https:\/\/www.autovvv.ca\/en\/wp-json\/wp\/v2\/pages\/2145\/revisions\/2464"}],"wp:attachment":[{"href":"https:\/\/www.autovvv.ca\/en\/wp-json\/wp\/v2\/media?parent=2145"}],"curies":[{"name":"wp","href":"https:\/\/api.w.org\/{rel}","templated":true}]}}